{"id":3344,"date":"2017-01-30T10:56:23","date_gmt":"2017-01-30T09:56:23","guid":{"rendered":"http:\/\/cundkgalerie.de\/txm\/?page_id=3344\/"},"modified":"2020-12-02T11:38:42","modified_gmt":"2020-12-02T10:38:42","slug":"publikationen","status":"publish","type":"page","link":"https:\/\/cundkgalerie.de\/en\/publikationen\/","title":{"rendered":"Publikationen"},"content":{"rendered":"<section class=\"wpb-content-wrapper\"><p>[vc_row row_type=&#8221;row&#8221; use_row_as_full_screen_section=&#8221;no&#8221; type=&#8221;full_width&#8221; text_align=&#8221;left&#8221; background_animation=&#8221;none&#8221; css_animation=&#8221;&#8221;][vc_column]<div class='cover_boxes' data-active-element='Publikationen'><ul class='clearfix'><li><div class='box'><a class='thumb' href='http:\/\/cundkunterwegs.de\/kontakt' target='_self'><img alt='Sonja Alh\u00e4user' src='https:\/\/cundkgalerie.de\/wp-content\/uploads\/2017\/01\/Alha\u0308user_Cover-715x1024a.jpg' \/><\/a><div class='box_content'><h4  class='cover_box_title'>Sonja Alh\u00e4user<\/h4><p >Hartgesotten \u2013 Hard Boiled<br \/>\n127 S.<br \/>\n25 \u20ac<br \/>\nHrsg.: St\u00e4dtische Galerie Delmenhorst und Kunstverein Ulm, 2010<\/p><a class='qbutton small' href='http:\/\/cundkunterwegs.de\/kontakt' target='_self'>Bestellen<\/a><\/div><\/div><\/li><li><div class='box'><a class='thumb' href='http:\/\/cundkunterwegs.de\/kontakt' target='_self'><img alt='Andreas Amrhein' src='https:\/\/cundkgalerie.de\/wp-content\/uploads\/2017\/01\/Katalog_Amrhein-715x1024.jpg' \/><\/a><div class='box_content'><h4  class='cover_box_title'>Andreas Amrhein<\/h4><p >Suddenly everywhere was the same place<br \/>\n65 S.<br \/>\n20 \u20ac<br \/>\nHrsg.: C&amp;K GALERIE, Berlin 2014<\/p><a class='qbutton small' href='http:\/\/cundkunterwegs.de\/kontakt' target='_self'>Bestellen<\/a><\/div><\/div><\/li><li><div class='box'><a class='thumb' href='' target='_self'><img alt='' src='' \/><\/a><div class='box_content'><h4  class='cover_box_title'><\/h4><p ><\/p><\/div><\/div><\/li><\/ul><\/div>[vc_empty_space height=&#8221;40px&#8221;]<div class='cover_boxes' data-active-element='Publikationen'><ul class='clearfix'><li><div class='box'><a class='thumb' href='http:\/\/cundkunterwegs.de\/kontakt' target='_self'><img alt='Andreas Amrhein' src='https:\/\/cundkgalerie.de\/wp-content\/uploads\/2018\/07\/Cover_Amrhein_Kat_2018.jpg' \/><\/a><div class='box_content'><h4  class='cover_box_title'>Andreas Amrhein<\/h4><p >Heroes \u2013 Just For One Day<br \/>46 S.<br \/>10 \u20ac<br \/>Hrsg.: Andreas Amrhein & C&K GALERIE, Berlin 2018<\/p><a class='qbutton small' href='http:\/\/cundkunterwegs.de\/kontakt' target='_self'>Bestellen<\/a><\/div><\/div><\/li><li><div class='box'><a class='thumb' href='http:\/\/cundkunterwegs.de\/kontakt' target='_self'><img alt='AXEL ANKLAM' src='https:\/\/cundkgalerie.de\/wp-content\/uploads\/2020\/12\/Neuer-Katalog.jpg' \/><\/a><div class='box_content'><h4  class='cover_box_title'>AXEL ANKLAM<\/h4><p >North East<br \/>176 S.<br \/>28 EUR<br \/>Hrsg.: Simone Jung, Heiderose Langer, Christian Malycha<br \/>2018<\/p><a class='qbutton small' href='http:\/\/cundkunterwegs.de\/kontakt' target='_self'>Bestellen<\/a><\/div><\/div><\/li><li><div class='box'><a class='thumb' href='' target='_self'><img alt='' src='' \/><\/a><div class='box_content'><h4  class='cover_box_title'><\/h4><p ><\/p><\/div><\/div><\/li><\/ul><\/div>[vc_empty_space height=&#8221;40px&#8221;]<div class='cover_boxes' data-active-element='1'><ul class='clearfix'><li><div class='box'><a class='thumb' href='http:\/\/cundkunterwegs.de\/kontakt' target='_self'><img alt='Axel Anklam' src='https:\/\/cundkgalerie.de\/wp-content\/uploads\/2017\/01\/Anklam_Cover-715x1024.jpg' \/><\/a><div class='box_content'><h4  class='cover_box_title'>Axel Anklam<\/h4><p >\u00dcber Winde, Wasser und Gegenden<br \/>\n62 S.<br \/>\n20 \u20ac<br \/>\nHrsg.: Kunstverein Kreis G\u00fctersloh, 2014<\/p><a class='qbutton small' href='http:\/\/cundkunterwegs.de\/kontakt' target='_self'>Bestellen<\/a><\/div><\/div><\/li><li><div class='box'><a class='thumb' href='http:\/\/cundkunterwegs.de\/kontakt' target='_self'><img alt='AXEL ANKLAM' src='https:\/\/cundkgalerie.de\/wp-content\/uploads\/2018\/03\/Cover_Anklam.jpg' \/><\/a><div class='box_content'><h4  class='cover_box_title'>AXEL ANKLAM<\/h4><p >Apeiron\/Masseneffekte<br \/>\n60 S.<br \/>\n20 \u20ac<br \/>\nHrsg.: Kunstsammlung St\u00e4dtische Galerie Jena, 2013<\/p><a class='qbutton small' href='http:\/\/cundkunterwegs.de\/kontakt' target='_self'>Bestellen<\/a><\/div><\/div><\/li><li><div class='box'><a class='thumb' href='' target='_self'><img alt='' src='' \/><\/a><div class='box_content'><h4  class='cover_box_title'><\/h4><p ><\/p><\/div><\/div><\/li><\/ul><\/div>[vc_empty_space height=&#8221;40px&#8221;]<div class='cover_boxes' data-active-element='1'><ul class='clearfix'><li><div class='box'><a class='thumb' href='http:\/\/cundkunterwegs.de\/kontakt' target='_self'><img alt='Angelika Arendt' src='https:\/\/cundkgalerie.de\/wp-content\/uploads\/2017\/01\/Arendt-Cover-1.jpg' \/><\/a><div class='box_content'><h4  class='cover_box_title'>Angelika Arendt<\/h4><p >Skulptur &amp; Zeichnung\/Sculpture &amp; Drawing<br \/>\n104 S.<br \/>\n32 \u20ac<br \/>\nHrsg. Christiane B\u00fchling-Schultz<br \/>\nDr. Karin Rase, Bielefeld 2014<\/p><a class='qbutton small' href='http:\/\/cundkunterwegs.de\/kontakt' target='_self'>Bestellen<\/a><\/div><\/div><\/li><li><div class='box'><a class='thumb' href='http:\/\/cundkunterwegs.de\/kontakt' target='_self'><img alt='Ali Kaaf' src='https:\/\/cundkgalerie.de\/wp-content\/uploads\/2017\/01\/Kaaf_Cover-715x1024.jpg' \/><\/a><div class='box_content'><h4  class='cover_box_title'>Ali Kaaf<\/h4><p >Ali Kaaf: Paper and Glass<br \/>\n76 S.<br \/>\n30 \u20ac<br \/>\nTexte von: Doris von Drathen, Robin G. Peterson und Rebecca Horn, 2013<\/p><a class='qbutton small' href='http:\/\/cundkunterwegs.de\/kontakt' target='_self'>Bestellen<\/a><\/div><\/div><\/li><li><div class='box'><a class='thumb' href='' target='_self'><img alt='' src='' \/><\/a><div class='box_content'><h4  class='cover_box_title'><\/h4><p ><\/p><\/div><\/div><\/li><\/ul><\/div>[vc_empty_space height=&#8221;40px&#8221;]<div class='cover_boxes' data-active-element='1'><ul class='clearfix'><li><div class='box'><a class='thumb' href='http:\/\/cundkunterwegs.de\/kontakt' target='_self'><img alt='SEE ST\u00dcCKE' src='https:\/\/cundkgalerie.de\/wp-content\/uploads\/2020\/04\/SeeSt\u00fccke_Cover.jpg' \/><\/a><div class='box_content'><h4  class='cover_box_title'>SEE ST\u00dcCKE<\/h4><p >Fakten & Fiktion<br \/>\n96 S.<br \/>\n19,95 \u20ac<br \/>\nHrsg.: Ulrike Wolff-Thomsen\/Museum der Westk\u00fcste; Christiane Stahl\/Alfred Ehrhardt Stiftung, Alkersum, Berlin 2020<br \/>\nAutor: Harald F. Theiss<\/p><a class='qbutton small' href='http:\/\/cundkunterwegs.de\/kontakt' target='_self'>Bestellen<\/a><\/div><\/div><\/li><li><div class='box'><a class='thumb' href='' target='_self'><img alt='' src='' \/><\/a><div class='box_content'><h4  class='cover_box_title'><\/h4><p ><\/p><\/div><\/div><\/li><li><div class='box'><a class='thumb' href='' target='_self'><img alt='' src='' \/><\/a><div class='box_content'><h4  class='cover_box_title'><\/h4><p ><\/p><\/div><\/div><\/li><\/ul><\/div>[vc_empty_space height=&#8221;40px&#8221;]<div class='cover_boxes' data-active-element='1'><ul class='clearfix'><li><div class='box'><a class='thumb' href='http:\/\/cundkunterwegs.de\/kontakt' target='_self'><img alt='ROLAND STRATMANN' src='https:\/\/cundkgalerie.de\/wp-content\/uploads\/2018\/04\/Cover_Publ_Stratmann_PostCuts_rahmen.jpg' \/><\/a><div class='box_content'><h4  class='cover_box_title'>ROLAND STRATMANN<\/h4><p >Post Cuts<br \/>\n70 S.<br \/>\n5 \u20ac<br \/>\nHrsg.: Galerie Laurent Mueller, Paris 2016<\/p><a class='qbutton small' href='http:\/\/cundkunterwegs.de\/kontakt' target='_self'>Bestellen<\/a><\/div><\/div><\/li><li><div class='box'><a class='thumb' href='http:\/\/cundkunterwegs.de\/kontakt' target='_self'><img alt='ROLAND STRATMANN' src='https:\/\/cundkgalerie.de\/wp-content\/uploads\/2018\/03\/Cover_Publ_Stratmann_Nuernberg.jpg' \/><\/a><div class='box_content'><h4  class='cover_box_title'>ROLAND STRATMANN<\/h4><p >Die Linie falten\/Plier la ligne<br \/>\n139 S.<br \/>\n24 \u20ac<br \/>\nHrsg.: Stadtmuseum Borken, galerie laurent mueller Paris, 2011<\/p><a class='qbutton small' href='http:\/\/cundkunterwegs.de\/kontakt' target='_self'>Bestellen<\/a><\/div><\/div><\/li><li><div class='box'><a class='thumb' href='' target='_self'><img alt='' src='' \/><\/a><div class='box_content'><h4  class='cover_box_title'><\/h4><p ><\/p><\/div><\/div><\/li><\/ul><\/div>[vc_empty_space height=&#8221;40px&#8221;]<div class='cover_boxes' data-active-element='1'><ul class='clearfix'><li><div class='box'><a class='thumb' href='http:\/\/cundkunterwegs.de\/kontakt' target='_self'><img alt='Roland Stratmann' src='https:\/\/cundkgalerie.de\/wp-content\/uploads\/2018\/07\/Cover_Stratmann_2018-Kopie_1000px.jpg' \/><\/a><div class='box_content'><h4  class='cover_box_title'>Roland Stratmann<\/h4><p >hier ist das Wetter sch\u00f6n!<br \/>\n95 S.<br \/>\n15 \u20ac<br \/>\nHrsg.: Roland Stratmann & C&K GALERIE, Berlin 2018<\/p><a class='qbutton small' href='http:\/\/cundkunterwegs.de\/kontakt' target='_self'>Bestellen<\/a><\/div><\/div><\/li><li><div class='box'><a class='thumb' href='http:\/\/cundkunterwegs.de\/kontakt' target='_self'><img alt='MATTHIAS STUCHTEY' src='https:\/\/cundkgalerie.de\/wp-content\/uploads\/2018\/03\/Cover_Publ_M_Stuchtey-frei.jpg' \/><\/a><div class='box_content'><h4  class='cover_box_title'>MATTHIAS STUCHTEY<\/h4><p >Sero<br \/>\n47 S.<br \/>\n10 \u20ac<br \/>\nHrsg.: Saarl\u00e4ndisches K\u00fcnstlerhaus Saarbr\u00fccken e.V., 2017<\/p><a class='qbutton small' href='http:\/\/cundkunterwegs.de\/kontakt' target='_self'>Bestellen<\/a><\/div><\/div><\/li><li><div class='box'><a class='thumb' href='' target='_self'><img alt='' src='' \/><\/a><div class='box_content'><h4  class='cover_box_title'><\/h4><p ><\/p><\/div><\/div><\/li><\/ul><\/div>[vc_empty_space height=&#8221;40px&#8221;]<div class='cover_boxes' data-active-element='1'><ul class='clearfix'><li><div class='box'><a class='thumb' href='http:\/\/cundkunterwegs.de\/kontakt' target='_self'><img alt='LUBOMIR TYPLT' src='https:\/\/cundkgalerie.de\/wp-content\/uploads\/2020\/10\/Typlt_Cover-e1604320317865.jpg' \/><\/a><div class='box_content'><h4  class='cover_box_title'>LUBOMIR TYPLT<\/h4><p >Somnambul<br \/>\n84 S.<br \/>\n30 \u20ac<br \/>\nHrsg.: Christiane B\u00fchling-Schultz,<br \/>\nC&K Galerie, Berlin 2020<br \/>\nDeutsch, Englisch<\/p><a class='qbutton small' href='http:\/\/cundkunterwegs.de\/kontakt' target='_self'>Bestellen<\/a><\/div><\/div><\/li><li><div class='box'><a class='thumb' href='http:\/\/cundkunterwegs.de\/kontakt' target='_self'><img alt='L\u00dcPERTZ, PENCK, TYPLT' src='https:\/\/cundkgalerie.de\/wp-content\/uploads\/2018\/04\/Typlt_Publ_Cover_s.jpg' \/><\/a><div class='box_content'><h4  class='cover_box_title'>L\u00dcPERTZ, PENCK, TYPLT<\/h4><p >87 S.<br \/>\n20 \u20ac<br \/>\nHrsg.: Galerie Zdenek Sklen\u00e1r Prag 2012<\/p><a class='qbutton small' href='http:\/\/cundkunterwegs.de\/kontakt' target='_self'>Bestellen<\/a><\/div><\/div><\/li><li><div class='box'><a class='thumb' href='' target='_self'><img alt='' src='' \/><\/a><div class='box_content'><h4  class='cover_box_title'><\/h4><p ><\/p><\/div><\/div><\/li><\/ul><\/div>[vc_empty_space height=&#8221;40px&#8221;]<div class='cover_boxes' data-active-element='1'><ul class='clearfix'><li><div class='box'><a class='thumb' href='https:\/\/cundkunterwegs.de\/kontakt' target='_self'><img alt='Die haben einen Vogel \u2013 Die Vogelm\u00e4nner von Istanbul - Jubil\u00e4umsausstellung von Christiane B\u00fchling' src='https:\/\/cundkgalerie.de\/wp-content\/uploads\/2019\/11\/Jubi_Katalog.jpg' \/><\/a><div class='box_content'><h4  class='cover_box_title'>Die haben einen Vogel \u2013 Die Vogelm\u00e4nner von Istanbul - Jubil\u00e4umsausstellung von Christiane B\u00fchling<\/h4><p >u. a. mit N. Bisky, C. Schleime<br \/>\n20 \u20ac<br \/>\nHrsg.: Christiane B\u00fchling-Schultz<br \/>\nBerlin 2019<\/p><a class='qbutton small' href='https:\/\/cundkunterwegs.de\/kontakt' target='_self'>Bestellen<\/a><\/div><\/div><\/li><li><div class='box'><a class='thumb' href='http:\/\/cundkunterwegs.de\/kontakt' target='_self'><img alt='JAN WATTJES' src='https:\/\/cundkgalerie.de\/wp-content\/uploads\/2018\/03\/Cover_Publ_Jan_Wattjes-frei-1.jpg' \/><\/a><div class='box_content'><h4  class='cover_box_title'>JAN WATTJES<\/h4><p >The White Cube Concept<br \/>\n96 S.<br \/>\n19,50 \u20ac<br \/>\nHrsg.: Van Spijk\/Rekafa Publishers bv. Livingstone Editions<br \/>\nC&K GALERIE, Venlo 2017<\/p><a class='qbutton small' href='http:\/\/cundkunterwegs.de\/kontakt' target='_self'>Bestellen<\/a><\/div><\/div><\/li><li><div class='box'><a class='thumb' href='' target='_self'><img alt='' src='' \/><\/a><div class='box_content'><h4  class='cover_box_title'><\/h4><p ><\/p><\/div><\/div><\/li><\/ul><\/div>[vc_empty_space height=&#8221;40px&#8221;][\/vc_column][\/vc_row]<\/p>\n<\/section>","protected":false},"excerpt":{"rendered":"<p>[vc_row row_type=&#8221;row&#8221; use_row_as_full_screen_section=&#8221;no&#8221; type=&#8221;full_width&#8221; text_align=&#8221;left&#8221; background_animation=&#8221;none&#8221; css_animation=&#8221;&#8221;][vc_column][vc_empty_space height=&#8221;40px&#8221;][vc_empty_space height=&#8221;40px&#8221;][vc_empty_space height=&#8221;40px&#8221;][vc_empty_space height=&#8221;40px&#8221;][vc_empty_space height=&#8221;40px&#8221;][vc_empty_space height=&#8221;40px&#8221;][vc_empty_space height=&#8221;40px&#8221;][vc_empty_space height=&#8221;40px&#8221;][vc_empty_space height=&#8221;40px&#8221;][\/vc_column][\/vc_row]<\/p>\n","protected":false},"author":1,"featured_media":0,"parent":0,"menu_order":0,"comment_status":"closed","ping_status":"closed","template":"","meta":{"_monsterinsights_skip_tracking":false,"_monsterinsights_sitenote_active":false,"_monsterinsights_sitenote_note":"","_monsterinsights_sitenote_category":0,"footnotes":""},"class_list":["post-3344","page","type-page","status-publish","hentry"],"_links":{"self":[{"href":"https:\/\/cundkgalerie.de\/en\/wp-json\/wp\/v2\/pages\/3344","targetHints":{"allow":["GET"]}}],"collection":[{"href":"https:\/\/cundkgalerie.de\/en\/wp-json\/wp\/v2\/pages"}],"about":[{"href":"https:\/\/cundkgalerie.de\/en\/wp-json\/wp\/v2\/types\/page"}],"author":[{"embeddable":true,"href":"https:\/\/cundkgalerie.de\/en\/wp-json\/wp\/v2\/users\/1"}],"replies":[{"embeddable":true,"href":"https:\/\/cundkgalerie.de\/en\/wp-json\/wp\/v2\/comments?post=3344"}],"version-history":[{"count":19,"href":"https:\/\/cundkgalerie.de\/en\/wp-json\/wp\/v2\/pages\/3344\/revisions"}],"predecessor-version":[{"id":10165,"href":"https:\/\/cundkgalerie.de\/en\/wp-json\/wp\/v2\/pages\/3344\/revisions\/10165"}],"wp:attachment":[{"href":"https:\/\/cundkgalerie.de\/en\/wp-json\/wp\/v2\/media?parent=3344"}],"curies":[{"name":"wp","href":"https:\/\/api.w.org\/{rel}","templated":true}]}}