{"id":3334,"date":"2017-03-06T13:21:34","date_gmt":"2017-03-06T12:21:34","guid":{"rendered":"http:\/\/cundkgalerie.de\/txm\/?page_id=3334\/"},"modified":"2020-07-05T14:07:24","modified_gmt":"2020-07-05T12:07:24","slug":"site-notice","status":"publish","type":"page","link":"https:\/\/cundkgalerie.de\/en\/site-notice\/","title":{"rendered":"Site notice"},"content":{"rendered":"<section class=\"wpb-content-wrapper\"><p>[vc_row row_type=&#8221;row&#8221; use_row_as_full_screen_section=&#8221;no&#8221; type=&#8221;full_width&#8221; text_align=&#8221;left&#8221; css_animation=&#8221;&#8221;][vc_column][vc_column_text]<\/p>\n<h4>Herausgeber<\/h4>\n<p>&nbsp;<\/p>\n<p><strong>C&amp;K Galerie<\/strong><\/p>\n<p>&nbsp;<\/p>\n<p>Christiane B\u00fchling-Schultz &amp; Dr. Karin Rase<br \/>\nJoachimstra\u00dfe 17\/Ecke Auguststra\u00dfe<br \/>\n10119 Berlin<\/p>\n<p>&nbsp;<\/p>\n<p>+ 49 30 257 622 11<br \/>\nbuehling@cundkgalerie.de<br \/>\n+ 49 172 184 33 11<br \/>\nrase@cundkgalerie.de<br \/>\n+ 49 171 540 75 22<\/p>\n<p>\u00d6ffnungzeiten\/opening hours<\/p>\n<p>Mittwoch \u2013 Freitag von 12\u201318 Uhr; Samstag von 12-16 Uhr und nach Vereinbarung.<\/p>\n<p>Wednesday \u2013 Friday 12\u20136 pm; Saturday 12-4 pm and by appointment.<\/p>\n<p>B\u00fcro: Niebuhrstra\u00dfe 14, 10629 Berlin, +49 30 323 34 16<\/p>\n<p>Christiane B\u00fchling-Schultz, Steuernr.: 13\/246\/00087, Finanzamt Berlin Charlottenburg<br \/>\nUSt-IdNR.: DE 273 722071<br \/>\nDr. Karin Rase, Steuernr.: 19\/485\/62569, Finanzamt Berlin Spandau<br \/>\nUSt-IdNR.: DE 230091627<\/p>\n<p>&nbsp;<\/p>\n<h4>Technische Umsetzung<\/h4>\n<p>&nbsp;<\/p>\n<p><a title=\"Mobile L\u00f6sungen | IT Support | Webentwicklung\" href=\"http:\/\/www.treworx.com\" target=\"_blank\" rel=\"noopener noreferrer\">treworx mobile<\/a><br \/>\nMobile L\u00f6sungen | IT Support | Webentwicklung<br \/>\nSaatwinkler Damm 11-12<br \/>\n13627 Berlin<\/p>\n<p>&nbsp;<\/p>\n<h4>Haftungshinweis<\/h4>\n<p>&nbsp;<\/p>\n<p>Trotz sorgf\u00e4ltiger inhaltlicher Kontrolle \u00fcbernehmen wir keine Haftung f\u00fcr die Inhalte externer Links. F\u00fcr den Inhalt der verlinkten Seiten sind ausschlie\u00dflich deren Betreiber verantwortlich.<\/p>\n<p>&nbsp;<\/p>\n<h4>Copyright<\/h4>\n<p>&nbsp;<\/p>\n<p>\u201eAlle Texte und Fotos sind nach \u00a7 53 UrhG urheberrechtlich gesch\u00fctzt. Das Urheberrecht f\u00fcr die Fotos liegt sowohl beim jeweiligen K\u00fcnstler als auch beim jeweiligen Fotografen. Das Kopieren dieser Dateien und ihre evtl. Ver\u00e4nderung sind daher ohne Genehmigung des Urhebers nicht gestattet. Unber\u00fchrt davon bleibt das &#8220;Kopieren&#8221; der Dateien auf den eigenen Rechner, um sich die www. Seiten auf einem Browser anzuschauen.\u201c<\/p>\n<h4>Datenschutzhinweis<\/h4>\n<p>&nbsp;<\/p>\n<p>Diese Website benutzt Piwik, eine Open-Source-Software zur statistischen Auswertung der Besucherzugriffe. Piwik verwendet sog. \u201cCookies\u201d, Textdateien, die auf Ihrem Computer gespeichert werden und die eine Analyse der Benutzung der Website durch Sie erm\u00f6glichen. Die durch den Cookie erzeugten Informationen \u00fcber Ihre Benutzung dieses Internetangebotes werden auf dem Server des Anbieters in Deutschland gespeichert. Die IP-Adresse wird sofort nach der Verarbeitung und vor deren Speicherung anonymisiert. Sie k\u00f6nnen die Installation der Cookies durch eine entsprechende Einstellung Ihrer Browser-Software verhindern; wir weisen Sie jedoch darauf hin, dass Sie in diesem Fall gegebenenfalls nicht s\u00e4mtliche Funktionen dieser Website vollumf\u00e4nglich nutzen k\u00f6nnen.<\/p>\n<p><iframe loading=\"lazy\" style=\"border: 0; height: 135px; width: 100%;\" src=\"http:\/\/cundkgalerie.de\/pi\/index.php?module=CustomOptOut&amp;action=optOut&amp;idSite=1&amp;language=de\" width=\"300\" height=\"150\" data-mce-fragment=\"1\"><\/iframe><\/p>\n<p>Wir danken allen K\u00fcnstlern und Fotografen f\u00fcr die freundliche Bereitstellung der Bilder und Hanno Rauterberg f\u00fcr die Erlaubnis der Verwendung seines Zitat auf der Startseite. ( Und das ist Kunst?! Eine Qualit\u00e4tspr\u00fcfung, Frankfurt\/M. 2008, S. 181\/182).<\/p>\n<p>&nbsp;<\/p>\n<p class=\"paragraph18133da5df62778e\"><span class=\"text60586d9936f68dc8\">Dieses Impressum gilt auch <\/span><span class=\"text60586d9936f68dc8\">f\u00fcr unsere Seiten auf:<br \/>\n<\/span><\/p>\n<p class=\"paragraph18133da5df62778e\"><a class=\"link90b59475c4615a8b\" href=\"http:\/\/www.facebook.com\/cundkunterwegs\" target=\"_blank\" rel=\"noopener noreferrer\">Facebook<br \/>\n<\/a><\/p>\n<p class=\"paragraph18133da5df62778e\"><a class=\"link90b59475c4615a8b\" href=\"https:\/\/www.instagram.com\/ckgalleryberlin\/\" target=\"_blank\" rel=\"noopener noreferrer\">Instagram<\/a><\/p>\n<p>[\/vc_column_text][\/vc_column][\/vc_row]<\/p>\n<\/section>","protected":false},"excerpt":{"rendered":"<p>[vc_row row_type=&#8221;row&#8221; use_row_as_full_screen_section=&#8221;no&#8221; type=&#8221;full_width&#8221; text_align=&#8221;left&#8221; css_animation=&#8221;&#8221;][vc_column][vc_column_text] Herausgeber &nbsp; C&amp;K Galerie &nbsp; Christiane B\u00fchling-Schultz &amp; Dr. Karin Rase Joachimstra\u00dfe 17\/Ecke Auguststra\u00dfe&#8230;<\/p>\n","protected":false},"author":1,"featured_media":0,"parent":0,"menu_order":0,"comment_status":"closed","ping_status":"open","template":"","meta":{"_monsterinsights_skip_tracking":false,"_monsterinsights_sitenote_active":false,"_monsterinsights_sitenote_note":"","_monsterinsights_sitenote_category":0,"footnotes":""},"class_list":["post-3334","page","type-page","status-publish","hentry"],"_links":{"self":[{"href":"https:\/\/cundkgalerie.de\/en\/wp-json\/wp\/v2\/pages\/3334","targetHints":{"allow":["GET"]}}],"collection":[{"href":"https:\/\/cundkgalerie.de\/en\/wp-json\/wp\/v2\/pages"}],"about":[{"href":"https:\/\/cundkgalerie.de\/en\/wp-json\/wp\/v2\/types\/page"}],"author":[{"embeddable":true,"href":"https:\/\/cundkgalerie.de\/en\/wp-json\/wp\/v2\/users\/1"}],"replies":[{"embeddable":true,"href":"https:\/\/cundkgalerie.de\/en\/wp-json\/wp\/v2\/comments?post=3334"}],"version-history":[{"count":10,"href":"https:\/\/cundkgalerie.de\/en\/wp-json\/wp\/v2\/pages\/3334\/revisions"}],"predecessor-version":[{"id":9531,"href":"https:\/\/cundkgalerie.de\/en\/wp-json\/wp\/v2\/pages\/3334\/revisions\/9531"}],"wp:attachment":[{"href":"https:\/\/cundkgalerie.de\/en\/wp-json\/wp\/v2\/media?parent=3334"}],"curies":[{"name":"wp","href":"https:\/\/api.w.org\/{rel}","templated":true}]}}